{"id":1245,"date":"2016-10-05T09:12:09","date_gmt":"2016-10-05T09:12:09","guid":{"rendered":"http:\/\/demos.famethemes.com\/onepress\/?page_id=1245"},"modified":"2026-01-05T09:12:25","modified_gmt":"2026-01-05T08:12:25","slug":"gallery","status":"publish","type":"page","link":"https:\/\/laweta-grojec.pl\/?page_id=1245","title":{"rendered":"Galeria"},"content":{"rendered":"\n<figure class=\"wp-block-gallery has-nested-images columns-default is-cropped wp-block-gallery-1 is-layout-flex wp-block-gallery-is-layout-flex\">\n<figure class=\"wp-block-image size-large\"><img loading=\"lazy\" decoding=\"async\" width=\"1024\" height=\"715\" data-id=\"1446\" src=\"https:\/\/laweta-grojec.pl\/wp-content\/uploads\/2020\/10\/kw_grojec_pomoc_drog8-1024x715.jpg\" alt=\"\" class=\"wp-image-1446\" srcset=\"https:\/\/laweta-grojec.pl\/wp-content\/uploads\/2020\/10\/kw_grojec_pomoc_drog8-1024x715.jpg 1024w, https:\/\/laweta-grojec.pl\/wp-content\/uploads\/2020\/10\/kw_grojec_pomoc_drog8-300x210.jpg 300w, https:\/\/laweta-grojec.pl\/wp-content\/uploads\/2020\/10\/kw_grojec_pomoc_drog8-768x536.jpg 768w, https:\/\/laweta-grojec.pl\/wp-content\/uploads\/2020\/10\/kw_grojec_pomoc_drog8.jpg 1200w\" sizes=\"auto, (max-width: 1024px) 100vw, 1024px\" \/><figcaption class=\"wp-element-caption\">Auto Hol pomoc drogowa z platform\u0105 do transportu aut<\/figcaption><\/figure>\n\n\n\n<figure data-wp-context=\"{&quot;imageId&quot;:&quot;69e35078d89e2&quot;}\" data-wp-interactive=\"core\/image\" data-wp-key=\"69e35078d89e2\" class=\"wp-block-image size-large wp-lightbox-container\"><img loading=\"lazy\" decoding=\"async\" width=\"900\" height=\"600\" data-wp-class--hide=\"state.isContentHidden\" data-wp-class--show=\"state.isContentVisible\" data-wp-init=\"callbacks.setButtonStyles\" data-wp-on--click=\"actions.showLightbox\" data-wp-on--load=\"callbacks.setButtonStyles\" data-wp-on-window--resize=\"callbacks.setButtonStyles\" data-id=\"1445\" src=\"https:\/\/laweta-grojec.pl\/wp-content\/uploads\/2020\/10\/kw_grojec_pomoc_drog7.jpg\" alt=\"\" class=\"wp-image-1445\" srcset=\"https:\/\/laweta-grojec.pl\/wp-content\/uploads\/2020\/10\/kw_grojec_pomoc_drog7.jpg 900w, https:\/\/laweta-grojec.pl\/wp-content\/uploads\/2020\/10\/kw_grojec_pomoc_drog7-300x200.jpg 300w, https:\/\/laweta-grojec.pl\/wp-content\/uploads\/2020\/10\/kw_grojec_pomoc_drog7-768x512.jpg 768w\" sizes=\"auto, (max-width: 900px) 100vw, 900px\" \/><button\n\t\t\tclass=\"lightbox-trigger\"\n\t\t\ttype=\"button\"\n\t\t\taria-haspopup=\"dialog\"\n\t\t\taria-label=\"Powi\u0119ksz\"\n\t\t\tdata-wp-init=\"callbacks.initTriggerButton\"\n\t\t\tdata-wp-on--click=\"actions.showLightbox\"\n\t\t\tdata-wp-style--right=\"state.imageButtonRight\"\n\t\t\tdata-wp-style--top=\"state.imageButtonTop\"\n\t\t>\n\t\t\t<svg xmlns=\"http:\/\/www.w3.org\/2000\/svg\" width=\"12\" height=\"12\" fill=\"none\" viewBox=\"0 0 12 12\">\n\t\t\t\t<path fill=\"#fff\" d=\"M2 0a2 2 0 0 0-2 2v2h1.5V2a.5.5 0 0 1 .5-.5h2V0H2Zm2 10.5H2a.5.5 0 0 1-.5-.5V8H0v2a2 2 0 0 0 2 2h2v-1.5ZM8 12v-1.5h2a.5.5 0 0 0 .5-.5V8H12v2a2 2 0 0 1-2 2H8Zm2-12a2 2 0 0 1 2 2v2h-1.5V2a.5.5 0 0 0-.5-.5H8V0h2Z\" \/>\n\t\t\t<\/svg>\n\t\t<\/button><figcaption class=\"wp-element-caption\">za\u0142adunek auta na lawet\u0119 po wypadku Gr\u00f3jec<\/figcaption><\/figure>\n\n\n\n<figure class=\"wp-block-image size-large\"><img loading=\"lazy\" decoding=\"async\" width=\"1024\" height=\"760\" data-id=\"1512\" src=\"https:\/\/laweta-grojec.pl\/wp-content\/uploads\/2025\/10\/FB_IMG_1750099233100-1024x760.jpg\" alt=\"\" class=\"wp-image-1512\" srcset=\"https:\/\/laweta-grojec.pl\/wp-content\/uploads\/2025\/10\/FB_IMG_1750099233100-1024x760.jpg 1024w, https:\/\/laweta-grojec.pl\/wp-content\/uploads\/2025\/10\/FB_IMG_1750099233100-300x223.jpg 300w, https:\/\/laweta-grojec.pl\/wp-content\/uploads\/2025\/10\/FB_IMG_1750099233100-768x570.jpg 768w, https:\/\/laweta-grojec.pl\/wp-content\/uploads\/2025\/10\/FB_IMG_1750099233100-1536x1140.jpg 1536w, https:\/\/laweta-grojec.pl\/wp-content\/uploads\/2025\/10\/FB_IMG_1750099233100.jpg 2048w\" sizes=\"auto, (max-width: 1024px) 100vw, 1024px\" \/><\/figure>\n\n\n\n<figure class=\"wp-block-image size-large\"><img loading=\"lazy\" decoding=\"async\" width=\"1024\" height=\"698\" data-id=\"1508\" src=\"https:\/\/laweta-grojec.pl\/wp-content\/uploads\/2025\/10\/FB_IMG_1750099193475-1024x698.jpg\" alt=\"Podj\u0119cie auta po wypadku okolice Gr\u00f3jca\" class=\"wp-image-1508\" srcset=\"https:\/\/laweta-grojec.pl\/wp-content\/uploads\/2025\/10\/FB_IMG_1750099193475-1024x698.jpg 1024w, https:\/\/laweta-grojec.pl\/wp-content\/uploads\/2025\/10\/FB_IMG_1750099193475-300x204.jpg 300w, https:\/\/laweta-grojec.pl\/wp-content\/uploads\/2025\/10\/FB_IMG_1750099193475-768x523.jpg 768w, https:\/\/laweta-grojec.pl\/wp-content\/uploads\/2025\/10\/FB_IMG_1750099193475-1536x1046.jpg 1536w, https:\/\/laweta-grojec.pl\/wp-content\/uploads\/2025\/10\/FB_IMG_1750099193475.jpg 2048w\" sizes=\"auto, (max-width: 1024px) 100vw, 1024px\" \/><\/figure>\n\n\n\n<figure class=\"wp-block-image size-large\"><img loading=\"lazy\" decoding=\"async\" width=\"1024\" height=\"583\" data-id=\"1444\" src=\"https:\/\/laweta-grojec.pl\/wp-content\/uploads\/2020\/10\/kw_grojec_pomoc_drog6-1024x583.jpg\" alt=\"\" class=\"wp-image-1444\" srcset=\"https:\/\/laweta-grojec.pl\/wp-content\/uploads\/2020\/10\/kw_grojec_pomoc_drog6-1024x583.jpg 1024w, https:\/\/laweta-grojec.pl\/wp-content\/uploads\/2020\/10\/kw_grojec_pomoc_drog6-300x171.jpg 300w, https:\/\/laweta-grojec.pl\/wp-content\/uploads\/2020\/10\/kw_grojec_pomoc_drog6-768x437.jpg 768w, https:\/\/laweta-grojec.pl\/wp-content\/uploads\/2020\/10\/kw_grojec_pomoc_drog6.jpg 1200w\" sizes=\"auto, (max-width: 1024px) 100vw, 1024px\" \/><\/figure>\n\n\n\n<figure class=\"wp-block-image size-large\"><img loading=\"lazy\" decoding=\"async\" width=\"1024\" height=\"768\" data-id=\"1516\" src=\"https:\/\/laweta-grojec.pl\/wp-content\/uploads\/2025\/10\/FB_IMG_1750099640871-1024x768.jpg\" alt=\"transport 3t osob\u00f3wki pomoc\u0105 drogow\u0105 Aut Hol\" class=\"wp-image-1516\" srcset=\"https:\/\/laweta-grojec.pl\/wp-content\/uploads\/2025\/10\/FB_IMG_1750099640871-1024x768.jpg 1024w, https:\/\/laweta-grojec.pl\/wp-content\/uploads\/2025\/10\/FB_IMG_1750099640871-300x225.jpg 300w, https:\/\/laweta-grojec.pl\/wp-content\/uploads\/2025\/10\/FB_IMG_1750099640871-768x576.jpg 768w, https:\/\/laweta-grojec.pl\/wp-content\/uploads\/2025\/10\/FB_IMG_1750099640871-1536x1152.jpg 1536w, https:\/\/laweta-grojec.pl\/wp-content\/uploads\/2025\/10\/FB_IMG_1750099640871.jpg 2048w\" sizes=\"auto, (max-width: 1024px) 100vw, 1024px\" \/><\/figure>\n\n\n\n<figure class=\"wp-block-image size-large\"><img loading=\"lazy\" decoding=\"async\" width=\"1024\" height=\"614\" data-id=\"1443\" src=\"https:\/\/laweta-grojec.pl\/wp-content\/uploads\/2020\/10\/kw_grojec_pomoc_drog3-1024x614.jpg\" alt=\"\" class=\"wp-image-1443\" srcset=\"https:\/\/laweta-grojec.pl\/wp-content\/uploads\/2020\/10\/kw_grojec_pomoc_drog3-1024x614.jpg 1024w, https:\/\/laweta-grojec.pl\/wp-content\/uploads\/2020\/10\/kw_grojec_pomoc_drog3-300x180.jpg 300w, https:\/\/laweta-grojec.pl\/wp-content\/uploads\/2020\/10\/kw_grojec_pomoc_drog3-768x460.jpg 768w, https:\/\/laweta-grojec.pl\/wp-content\/uploads\/2020\/10\/kw_grojec_pomoc_drog3.jpg 1200w\" sizes=\"auto, (max-width: 1024px) 100vw, 1024px\" \/><\/figure>\n\n\n\n<figure class=\"wp-block-image size-large\"><img loading=\"lazy\" decoding=\"async\" width=\"1024\" height=\"683\" data-id=\"1500\" src=\"https:\/\/laweta-grojec.pl\/wp-content\/uploads\/2025\/10\/FB_IMG_1750099069115-1024x683.jpg\" alt=\"transport du\u017cego busa pomoc\u0105 Auto Hol\" class=\"wp-image-1500\" srcset=\"https:\/\/laweta-grojec.pl\/wp-content\/uploads\/2025\/10\/FB_IMG_1750099069115-1024x683.jpg 1024w, https:\/\/laweta-grojec.pl\/wp-content\/uploads\/2025\/10\/FB_IMG_1750099069115-300x200.jpg 300w, https:\/\/laweta-grojec.pl\/wp-content\/uploads\/2025\/10\/FB_IMG_1750099069115-768x512.jpg 768w, https:\/\/laweta-grojec.pl\/wp-content\/uploads\/2025\/10\/FB_IMG_1750099069115.jpg 1237w\" sizes=\"auto, (max-width: 1024px) 100vw, 1024px\" \/><\/figure>\n\n\n\n<figure class=\"wp-block-image size-large\"><img loading=\"lazy\" decoding=\"async\" width=\"1024\" height=\"492\" data-id=\"1447\" src=\"https:\/\/laweta-grojec.pl\/wp-content\/uploads\/2020\/10\/kw_grojec_pomoc_drog9-1024x492.jpg\" alt=\"\" class=\"wp-image-1447\" srcset=\"https:\/\/laweta-grojec.pl\/wp-content\/uploads\/2020\/10\/kw_grojec_pomoc_drog9-1024x492.jpg 1024w, https:\/\/laweta-grojec.pl\/wp-content\/uploads\/2020\/10\/kw_grojec_pomoc_drog9-300x144.jpg 300w, https:\/\/laweta-grojec.pl\/wp-content\/uploads\/2020\/10\/kw_grojec_pomoc_drog9-768x369.jpg 768w, https:\/\/laweta-grojec.pl\/wp-content\/uploads\/2020\/10\/kw_grojec_pomoc_drog9.jpg 1200w\" sizes=\"auto, (max-width: 1024px) 100vw, 1024px\" \/><\/figure>\n\n\n\n<figure class=\"wp-block-image size-large\"><img loading=\"lazy\" decoding=\"async\" width=\"1024\" height=\"766\" data-id=\"1515\" src=\"https:\/\/laweta-grojec.pl\/wp-content\/uploads\/2025\/10\/FB_IMG_1750099336853-1024x766.jpg\" alt=\"Przew\u00f3z d\u017awigu 10t laweta ci\u0119\u017carowe\" class=\"wp-image-1515\" srcset=\"https:\/\/laweta-grojec.pl\/wp-content\/uploads\/2025\/10\/FB_IMG_1750099336853-1024x766.jpg 1024w, https:\/\/laweta-grojec.pl\/wp-content\/uploads\/2025\/10\/FB_IMG_1750099336853-300x224.jpg 300w, https:\/\/laweta-grojec.pl\/wp-content\/uploads\/2025\/10\/FB_IMG_1750099336853-768x575.jpg 768w, https:\/\/laweta-grojec.pl\/wp-content\/uploads\/2025\/10\/FB_IMG_1750099336853-1536x1149.jpg 1536w, https:\/\/laweta-grojec.pl\/wp-content\/uploads\/2025\/10\/FB_IMG_1750099336853.jpg 2048w\" sizes=\"auto, (max-width: 1024px) 100vw, 1024px\" \/><\/figure>\n\n\n\n<figure class=\"wp-block-image size-large\"><img loading=\"lazy\" decoding=\"async\" width=\"1024\" height=\"739\" data-id=\"1452\" src=\"https:\/\/laweta-grojec.pl\/wp-content\/uploads\/2020\/10\/kw_grojec_pomoc_drog336-1024x739.jpg\" alt=\"\" class=\"wp-image-1452\" srcset=\"https:\/\/laweta-grojec.pl\/wp-content\/uploads\/2020\/10\/kw_grojec_pomoc_drog336-1024x739.jpg 1024w, https:\/\/laweta-grojec.pl\/wp-content\/uploads\/2020\/10\/kw_grojec_pomoc_drog336-300x217.jpg 300w, https:\/\/laweta-grojec.pl\/wp-content\/uploads\/2020\/10\/kw_grojec_pomoc_drog336-768x554.jpg 768w, https:\/\/laweta-grojec.pl\/wp-content\/uploads\/2020\/10\/kw_grojec_pomoc_drog336.jpg 1200w\" sizes=\"auto, (max-width: 1024px) 100vw, 1024px\" \/><\/figure>\n\n\n\n<figure class=\"wp-block-image size-large\"><img loading=\"lazy\" decoding=\"async\" width=\"1024\" height=\"768\" data-id=\"1517\" src=\"https:\/\/laweta-grojec.pl\/wp-content\/uploads\/2025\/10\/FB_IMG_1750099780118-1024x768.jpg\" alt=\"transport SUV-a na lawecie\" class=\"wp-image-1517\" srcset=\"https:\/\/laweta-grojec.pl\/wp-content\/uploads\/2025\/10\/FB_IMG_1750099780118-1024x768.jpg 1024w, https:\/\/laweta-grojec.pl\/wp-content\/uploads\/2025\/10\/FB_IMG_1750099780118-300x225.jpg 300w, https:\/\/laweta-grojec.pl\/wp-content\/uploads\/2025\/10\/FB_IMG_1750099780118-768x576.jpg 768w, https:\/\/laweta-grojec.pl\/wp-content\/uploads\/2025\/10\/FB_IMG_1750099780118-1536x1152.jpg 1536w, https:\/\/laweta-grojec.pl\/wp-content\/uploads\/2025\/10\/FB_IMG_1750099780118.jpg 2048w\" sizes=\"auto, (max-width: 1024px) 100vw, 1024px\" \/><\/figure>\n\n\n\n<figure class=\"wp-block-image size-large\"><img loading=\"lazy\" decoding=\"async\" width=\"1024\" height=\"798\" data-id=\"1451\" src=\"https:\/\/laweta-grojec.pl\/wp-content\/uploads\/2020\/10\/kw_grojec_pomoc_drog225-1024x798.jpg\" alt=\"\" class=\"wp-image-1451\" srcset=\"https:\/\/laweta-grojec.pl\/wp-content\/uploads\/2020\/10\/kw_grojec_pomoc_drog225-1024x798.jpg 1024w, https:\/\/laweta-grojec.pl\/wp-content\/uploads\/2020\/10\/kw_grojec_pomoc_drog225-300x234.jpg 300w, https:\/\/laweta-grojec.pl\/wp-content\/uploads\/2020\/10\/kw_grojec_pomoc_drog225-768x598.jpg 768w, https:\/\/laweta-grojec.pl\/wp-content\/uploads\/2020\/10\/kw_grojec_pomoc_drog225.jpg 1200w\" sizes=\"auto, (max-width: 1024px) 100vw, 1024px\" \/><\/figure>\n\n\n\n<figure class=\"wp-block-image size-large\"><img loading=\"lazy\" decoding=\"async\" width=\"1024\" height=\"522\" data-id=\"1450\" src=\"https:\/\/laweta-grojec.pl\/wp-content\/uploads\/2020\/10\/kw_grojec_pomoc_drog138-1024x522.jpg\" alt=\"\" class=\"wp-image-1450\" srcset=\"https:\/\/laweta-grojec.pl\/wp-content\/uploads\/2020\/10\/kw_grojec_pomoc_drog138-1024x522.jpg 1024w, https:\/\/laweta-grojec.pl\/wp-content\/uploads\/2020\/10\/kw_grojec_pomoc_drog138-300x153.jpg 300w, https:\/\/laweta-grojec.pl\/wp-content\/uploads\/2020\/10\/kw_grojec_pomoc_drog138-768x392.jpg 768w, https:\/\/laweta-grojec.pl\/wp-content\/uploads\/2020\/10\/kw_grojec_pomoc_drog138.jpg 1200w\" sizes=\"auto, (max-width: 1024px) 100vw, 1024px\" \/><\/figure>\n\n\n\n<figure class=\"wp-block-image size-large\"><img loading=\"lazy\" decoding=\"async\" width=\"1024\" height=\"353\" data-id=\"1449\" src=\"https:\/\/laweta-grojec.pl\/wp-content\/uploads\/2020\/10\/kw_grojec_pomoc_drog91-1024x353.jpg\" alt=\"\" class=\"wp-image-1449\" srcset=\"https:\/\/laweta-grojec.pl\/wp-content\/uploads\/2020\/10\/kw_grojec_pomoc_drog91-1024x353.jpg 1024w, https:\/\/laweta-grojec.pl\/wp-content\/uploads\/2020\/10\/kw_grojec_pomoc_drog91-300x104.jpg 300w, https:\/\/laweta-grojec.pl\/wp-content\/uploads\/2020\/10\/kw_grojec_pomoc_drog91-768x265.jpg 768w, https:\/\/laweta-grojec.pl\/wp-content\/uploads\/2020\/10\/kw_grojec_pomoc_drog91.jpg 1200w\" sizes=\"auto, (max-width: 1024px) 100vw, 1024px\" \/><\/figure>\n\n\n\n<figure class=\"wp-block-image size-large\"><img loading=\"lazy\" decoding=\"async\" width=\"1024\" height=\"977\" data-id=\"1448\" src=\"https:\/\/laweta-grojec.pl\/wp-content\/uploads\/2020\/10\/kw_grojec_pomoc_drog51-1024x977.jpg\" alt=\"\" class=\"wp-image-1448\" srcset=\"https:\/\/laweta-grojec.pl\/wp-content\/uploads\/2020\/10\/kw_grojec_pomoc_drog51-1024x977.jpg 1024w, https:\/\/laweta-grojec.pl\/wp-content\/uploads\/2020\/10\/kw_grojec_pomoc_drog51-300x286.jpg 300w, https:\/\/laweta-grojec.pl\/wp-content\/uploads\/2020\/10\/kw_grojec_pomoc_drog51-768x733.jpg 768w, https:\/\/laweta-grojec.pl\/wp-content\/uploads\/2020\/10\/kw_grojec_pomoc_drog51.jpg 1200w\" sizes=\"auto, (max-width: 1024px) 100vw, 1024px\" \/><\/figure>\n\n\n\n<figure class=\"wp-block-image size-large\"><img loading=\"lazy\" decoding=\"async\" width=\"1024\" height=\"574\" data-id=\"1497\" src=\"https:\/\/laweta-grojec.pl\/wp-content\/uploads\/2025\/10\/20250614_105056-1024x574.jpg\" alt=\"\" class=\"wp-image-1497\" srcset=\"https:\/\/laweta-grojec.pl\/wp-content\/uploads\/2025\/10\/20250614_105056-1024x574.jpg 1024w, https:\/\/laweta-grojec.pl\/wp-content\/uploads\/2025\/10\/20250614_105056-300x168.jpg 300w, https:\/\/laweta-grojec.pl\/wp-content\/uploads\/2025\/10\/20250614_105056-768x430.jpg 768w, https:\/\/laweta-grojec.pl\/wp-content\/uploads\/2025\/10\/20250614_105056-1536x861.jpg 1536w, https:\/\/laweta-grojec.pl\/wp-content\/uploads\/2025\/10\/20250614_105056-2048x1147.jpg 2048w\" sizes=\"auto, (max-width: 1024px) 100vw, 1024px\" \/><\/figure>\n\n\n\n<figure class=\"wp-block-image size-large\"><img loading=\"lazy\" decoding=\"async\" width=\"1024\" height=\"574\" data-id=\"1498\" src=\"https:\/\/laweta-grojec.pl\/wp-content\/uploads\/2025\/10\/20250616_105834-1024x574.jpg\" alt=\"\" class=\"wp-image-1498\" srcset=\"https:\/\/laweta-grojec.pl\/wp-content\/uploads\/2025\/10\/20250616_105834-1024x574.jpg 1024w, https:\/\/laweta-grojec.pl\/wp-content\/uploads\/2025\/10\/20250616_105834-300x168.jpg 300w, https:\/\/laweta-grojec.pl\/wp-content\/uploads\/2025\/10\/20250616_105834-768x431.jpg 768w, https:\/\/laweta-grojec.pl\/wp-content\/uploads\/2025\/10\/20250616_105834-1536x861.jpg 1536w, https:\/\/laweta-grojec.pl\/wp-content\/uploads\/2025\/10\/20250616_105834-2048x1148.jpg 2048w\" sizes=\"auto, (max-width: 1024px) 100vw, 1024px\" \/><\/figure>\n\n\n\n<figure class=\"wp-block-image size-large\"><img loading=\"lazy\" decoding=\"async\" width=\"1024\" height=\"632\" data-id=\"1499\" src=\"https:\/\/laweta-grojec.pl\/wp-content\/uploads\/2025\/10\/FB_IMG_1750099047561-1024x632.jpg\" alt=\"\" class=\"wp-image-1499\" srcset=\"https:\/\/laweta-grojec.pl\/wp-content\/uploads\/2025\/10\/FB_IMG_1750099047561-1024x632.jpg 1024w, https:\/\/laweta-grojec.pl\/wp-content\/uploads\/2025\/10\/FB_IMG_1750099047561-300x185.jpg 300w, https:\/\/laweta-grojec.pl\/wp-content\/uploads\/2025\/10\/FB_IMG_1750099047561-768x474.jpg 768w, https:\/\/laweta-grojec.pl\/wp-content\/uploads\/2025\/10\/FB_IMG_1750099047561-1536x947.jpg 1536w, https:\/\/laweta-grojec.pl\/wp-content\/uploads\/2025\/10\/FB_IMG_1750099047561.jpg 2048w\" sizes=\"auto, (max-width: 1024px) 100vw, 1024px\" \/><\/figure>\n\n\n\n<figure class=\"wp-block-image size-large\"><img loading=\"lazy\" decoding=\"async\" width=\"1000\" height=\"750\" data-id=\"1501\" src=\"https:\/\/laweta-grojec.pl\/wp-content\/uploads\/2025\/10\/FB_IMG_1750099077742.jpg\" alt=\"\" class=\"wp-image-1501\" srcset=\"https:\/\/laweta-grojec.pl\/wp-content\/uploads\/2025\/10\/FB_IMG_1750099077742.jpg 1000w, https:\/\/laweta-grojec.pl\/wp-content\/uploads\/2025\/10\/FB_IMG_1750099077742-300x225.jpg 300w, https:\/\/laweta-grojec.pl\/wp-content\/uploads\/2025\/10\/FB_IMG_1750099077742-768x576.jpg 768w\" sizes=\"auto, (max-width: 1000px) 100vw, 1000px\" \/><\/figure>\n\n\n\n<figure class=\"wp-block-image size-large\"><img loading=\"lazy\" decoding=\"async\" width=\"1024\" height=\"594\" data-id=\"1502\" src=\"https:\/\/laweta-grojec.pl\/wp-content\/uploads\/2025\/10\/FB_IMG_1750099107560-1024x594.jpg\" alt=\"\" class=\"wp-image-1502\" srcset=\"https:\/\/laweta-grojec.pl\/wp-content\/uploads\/2025\/10\/FB_IMG_1750099107560-1024x594.jpg 1024w, https:\/\/laweta-grojec.pl\/wp-content\/uploads\/2025\/10\/FB_IMG_1750099107560-300x174.jpg 300w, https:\/\/laweta-grojec.pl\/wp-content\/uploads\/2025\/10\/FB_IMG_1750099107560-768x445.jpg 768w, https:\/\/laweta-grojec.pl\/wp-content\/uploads\/2025\/10\/FB_IMG_1750099107560-1536x890.jpg 1536w, https:\/\/laweta-grojec.pl\/wp-content\/uploads\/2025\/10\/FB_IMG_1750099107560.jpg 2048w\" sizes=\"auto, (max-width: 1024px) 100vw, 1024px\" \/><\/figure>\n\n\n\n<figure class=\"wp-block-image size-large\"><img loading=\"lazy\" decoding=\"async\" width=\"1024\" height=\"602\" data-id=\"1503\" src=\"https:\/\/laweta-grojec.pl\/wp-content\/uploads\/2025\/10\/FB_IMG_1750099126911-1024x602.jpg\" alt=\"\" class=\"wp-image-1503\" srcset=\"https:\/\/laweta-grojec.pl\/wp-content\/uploads\/2025\/10\/FB_IMG_1750099126911-1024x602.jpg 1024w, https:\/\/laweta-grojec.pl\/wp-content\/uploads\/2025\/10\/FB_IMG_1750099126911-300x176.jpg 300w, https:\/\/laweta-grojec.pl\/wp-content\/uploads\/2025\/10\/FB_IMG_1750099126911-768x451.jpg 768w, https:\/\/laweta-grojec.pl\/wp-content\/uploads\/2025\/10\/FB_IMG_1750099126911-1536x902.jpg 1536w, https:\/\/laweta-grojec.pl\/wp-content\/uploads\/2025\/10\/FB_IMG_1750099126911.jpg 2048w\" sizes=\"auto, (max-width: 1024px) 100vw, 1024px\" \/><\/figure>\n\n\n\n<figure class=\"wp-block-image size-large\"><img loading=\"lazy\" decoding=\"async\" width=\"1024\" height=\"683\" data-id=\"1504\" src=\"https:\/\/laweta-grojec.pl\/wp-content\/uploads\/2025\/10\/FB_IMG_1750099135288-1024x683.jpg\" alt=\"\" class=\"wp-image-1504\" srcset=\"https:\/\/laweta-grojec.pl\/wp-content\/uploads\/2025\/10\/FB_IMG_1750099135288-1024x683.jpg 1024w, https:\/\/laweta-grojec.pl\/wp-content\/uploads\/2025\/10\/FB_IMG_1750099135288-300x200.jpg 300w, https:\/\/laweta-grojec.pl\/wp-content\/uploads\/2025\/10\/FB_IMG_1750099135288-768x512.jpg 768w, https:\/\/laweta-grojec.pl\/wp-content\/uploads\/2025\/10\/FB_IMG_1750099135288-1536x1025.jpg 1536w, https:\/\/laweta-grojec.pl\/wp-content\/uploads\/2025\/10\/FB_IMG_1750099135288.jpg 2048w\" sizes=\"auto, (max-width: 1024px) 100vw, 1024px\" \/><\/figure>\n\n\n\n<figure class=\"wp-block-image size-large\"><img loading=\"lazy\" decoding=\"async\" width=\"1024\" height=\"516\" data-id=\"1506\" src=\"https:\/\/laweta-grojec.pl\/wp-content\/uploads\/2025\/10\/FB_IMG_1750099168166-1024x516.jpg\" alt=\"Wyci\u0105ganie z rowu osob\u00f3wki na trasie Gr\u00f3jec-Warka\" class=\"wp-image-1506\" srcset=\"https:\/\/laweta-grojec.pl\/wp-content\/uploads\/2025\/10\/FB_IMG_1750099168166-1024x516.jpg 1024w, https:\/\/laweta-grojec.pl\/wp-content\/uploads\/2025\/10\/FB_IMG_1750099168166-300x150.jpg 300w, https:\/\/laweta-grojec.pl\/wp-content\/uploads\/2025\/10\/FB_IMG_1750099168166-768x387.jpg 768w, https:\/\/laweta-grojec.pl\/wp-content\/uploads\/2025\/10\/FB_IMG_1750099168166-1536x773.jpg 1536w, https:\/\/laweta-grojec.pl\/wp-content\/uploads\/2025\/10\/FB_IMG_1750099168166.jpg 2048w\" sizes=\"auto, (max-width: 1024px) 100vw, 1024px\" \/><\/figure>\n\n\n\n<figure class=\"wp-block-image size-large\"><img loading=\"lazy\" decoding=\"async\" width=\"1024\" height=\"1019\" data-id=\"1507\" src=\"https:\/\/laweta-grojec.pl\/wp-content\/uploads\/2025\/10\/FB_IMG_1750099190506-1024x1019.jpg\" alt=\"\" class=\"wp-image-1507\" srcset=\"https:\/\/laweta-grojec.pl\/wp-content\/uploads\/2025\/10\/FB_IMG_1750099190506-1024x1019.jpg 1024w, https:\/\/laweta-grojec.pl\/wp-content\/uploads\/2025\/10\/FB_IMG_1750099190506-300x300.jpg 300w, https:\/\/laweta-grojec.pl\/wp-content\/uploads\/2025\/10\/FB_IMG_1750099190506-150x150.jpg 150w, https:\/\/laweta-grojec.pl\/wp-content\/uploads\/2025\/10\/FB_IMG_1750099190506-768x764.jpg 768w, https:\/\/laweta-grojec.pl\/wp-content\/uploads\/2025\/10\/FB_IMG_1750099190506-1536x1529.jpg 1536w, https:\/\/laweta-grojec.pl\/wp-content\/uploads\/2025\/10\/FB_IMG_1750099190506.jpg 2048w\" sizes=\"auto, (max-width: 1024px) 100vw, 1024px\" \/><\/figure>\n\n\n\n<figure class=\"wp-block-image size-large\"><img loading=\"lazy\" decoding=\"async\" width=\"1024\" height=\"685\" data-id=\"1510\" src=\"https:\/\/laweta-grojec.pl\/wp-content\/uploads\/2025\/10\/FB_IMG_1750099211142-1024x685.jpg\" alt=\"\" class=\"wp-image-1510\" srcset=\"https:\/\/laweta-grojec.pl\/wp-content\/uploads\/2025\/10\/FB_IMG_1750099211142-1024x685.jpg 1024w, https:\/\/laweta-grojec.pl\/wp-content\/uploads\/2025\/10\/FB_IMG_1750099211142-300x201.jpg 300w, https:\/\/laweta-grojec.pl\/wp-content\/uploads\/2025\/10\/FB_IMG_1750099211142-768x514.jpg 768w, https:\/\/laweta-grojec.pl\/wp-content\/uploads\/2025\/10\/FB_IMG_1750099211142-1536x1028.jpg 1536w, https:\/\/laweta-grojec.pl\/wp-content\/uploads\/2025\/10\/FB_IMG_1750099211142.jpg 2048w\" sizes=\"auto, (max-width: 1024px) 100vw, 1024px\" \/><\/figure>\n\n\n\n<figure class=\"wp-block-image size-large\"><img loading=\"lazy\" decoding=\"async\" width=\"1024\" height=\"567\" data-id=\"1511\" src=\"https:\/\/laweta-grojec.pl\/wp-content\/uploads\/2025\/10\/FB_IMG_1750099223174-1024x567.jpg\" alt=\"\" class=\"wp-image-1511\" srcset=\"https:\/\/laweta-grojec.pl\/wp-content\/uploads\/2025\/10\/FB_IMG_1750099223174-1024x567.jpg 1024w, https:\/\/laweta-grojec.pl\/wp-content\/uploads\/2025\/10\/FB_IMG_1750099223174-300x166.jpg 300w, https:\/\/laweta-grojec.pl\/wp-content\/uploads\/2025\/10\/FB_IMG_1750099223174-768x425.jpg 768w, https:\/\/laweta-grojec.pl\/wp-content\/uploads\/2025\/10\/FB_IMG_1750099223174-1536x851.jpg 1536w, https:\/\/laweta-grojec.pl\/wp-content\/uploads\/2025\/10\/FB_IMG_1750099223174.jpg 2048w\" sizes=\"auto, (max-width: 1024px) 100vw, 1024px\" \/><\/figure>\n\n\n\n<figure class=\"wp-block-image size-large\"><img loading=\"lazy\" decoding=\"async\" width=\"1024\" height=\"603\" data-id=\"1513\" src=\"https:\/\/laweta-grojec.pl\/wp-content\/uploads\/2025\/10\/FB_IMG_1750099265584-1024x603.jpg\" alt=\"\" class=\"wp-image-1513\" srcset=\"https:\/\/laweta-grojec.pl\/wp-content\/uploads\/2025\/10\/FB_IMG_1750099265584-1024x603.jpg 1024w, https:\/\/laweta-grojec.pl\/wp-content\/uploads\/2025\/10\/FB_IMG_1750099265584-300x177.jpg 300w, https:\/\/laweta-grojec.pl\/wp-content\/uploads\/2025\/10\/FB_IMG_1750099265584-768x452.jpg 768w, https:\/\/laweta-grojec.pl\/wp-content\/uploads\/2025\/10\/FB_IMG_1750099265584-1536x904.jpg 1536w, https:\/\/laweta-grojec.pl\/wp-content\/uploads\/2025\/10\/FB_IMG_1750099265584.jpg 2048w\" sizes=\"auto, (max-width: 1024px) 100vw, 1024px\" \/><\/figure>\n\n\n\n<figure class=\"wp-block-image size-large\"><img loading=\"lazy\" decoding=\"async\" width=\"1024\" height=\"768\" data-id=\"1514\" src=\"https:\/\/laweta-grojec.pl\/wp-content\/uploads\/2025\/10\/FB_IMG_1750099272848-1024x768.jpg\" alt=\"\" class=\"wp-image-1514\" srcset=\"https:\/\/laweta-grojec.pl\/wp-content\/uploads\/2025\/10\/FB_IMG_1750099272848-1024x768.jpg 1024w, https:\/\/laweta-grojec.pl\/wp-content\/uploads\/2025\/10\/FB_IMG_1750099272848-300x225.jpg 300w, https:\/\/laweta-grojec.pl\/wp-content\/uploads\/2025\/10\/FB_IMG_1750099272848-768x576.jpg 768w, https:\/\/laweta-grojec.pl\/wp-content\/uploads\/2025\/10\/FB_IMG_1750099272848-1536x1152.jpg 1536w, https:\/\/laweta-grojec.pl\/wp-content\/uploads\/2025\/10\/FB_IMG_1750099272848.jpg 2048w\" sizes=\"auto, (max-width: 1024px) 100vw, 1024px\" \/><\/figure>\n<\/figure>\n","protected":false},"excerpt":{"rendered":"","protected":false},"author":2,"featured_media":0,"parent":0,"menu_order":0,"comment_status":"closed","ping_status":"closed","template":"","meta":{"footnotes":""},"class_list":["post-1245","page","type-page","status-publish","hentry"],"_links":{"self":[{"href":"https:\/\/laweta-grojec.pl\/index.php?rest_route=\/wp\/v2\/pages\/1245","targetHints":{"allow":["GET"]}}],"collection":[{"href":"https:\/\/laweta-grojec.pl\/index.php?rest_route=\/wp\/v2\/pages"}],"about":[{"href":"https:\/\/laweta-grojec.pl\/index.php?rest_route=\/wp\/v2\/types\/page"}],"author":[{"embeddable":true,"href":"https:\/\/laweta-grojec.pl\/index.php?rest_route=\/wp\/v2\/users\/2"}],"replies":[{"embeddable":true,"href":"https:\/\/laweta-grojec.pl\/index.php?rest_route=%2Fwp%2Fv2%2Fcomments&post=1245"}],"version-history":[{"count":5,"href":"https:\/\/laweta-grojec.pl\/index.php?rest_route=\/wp\/v2\/pages\/1245\/revisions"}],"predecessor-version":[{"id":1537,"href":"https:\/\/laweta-grojec.pl\/index.php?rest_route=\/wp\/v2\/pages\/1245\/revisions\/1537"}],"wp:attachment":[{"href":"https:\/\/laweta-grojec.pl\/index.php?rest_route=%2Fwp%2Fv2%2Fmedia&parent=1245"}],"curies":[{"name":"wp","href":"https:\/\/api.w.org\/{rel}","templated":true}]}}