{"id":1367,"date":"2016-02-12T07:54:41","date_gmt":"2016-02-12T07:54:41","guid":{"rendered":"http:\/\/demos.famethemes.com\/onepress\/?page_id=4"},"modified":"2020-10-24T09:03:04","modified_gmt":"2020-10-24T07:03:04","slug":"home","status":"publish","type":"page","link":"https:\/\/laweta-grojec.pl\/","title":{"rendered":"Home"},"content":{"rendered":"\n<p>Jesie\u0144 i zima to pory roku, kt\u00f3re ze wzgl\u0119du na szybkie zapadanie zmroku oraz cz\u0119ste opady deszczu i \u015bniegu wprowadzaj\u0105 utrudnienia w ruchu drogowym i odnotowuje si\u0119 wtedy wi\u0119cej wypadk\u00f3w, st\u0142uczek samochodowych, awarii w trasie. Non-stop utrzymujemy gotowo\u015b\u0107 do podj\u0119cia pomocy na drodze. Utrzymujemy w aktywno\u015bci i sprawno\u015bci zar\u00f3wno sprz\u0119t jakim s\u0105 lawety Auto Hol, jak i za\u0142ogi autolawet. <\/p>\n\n\n\n<p><\/p>\n","protected":false},"excerpt":{"rendered":"<p>Jesie\u0144 i zima to pory roku, kt\u00f3re ze wzgl\u0119du na szybkie zapadanie zmroku oraz cz\u0119ste opady deszczu i \u015bniegu wprowadzaj\u0105 utrudnienia w ruchu drogowym i odnotowuje si\u0119 wtedy wi\u0119cej wypadk\u00f3w, &#8230;<\/p>\n","protected":false},"author":2,"featured_media":0,"parent":0,"menu_order":0,"comment_status":"closed","ping_status":"closed","template":"template-frontpage.php","meta":{"footnotes":""},"class_list":["post-1367","page","type-page","status-publish","hentry"],"_links":{"self":[{"href":"https:\/\/laweta-grojec.pl\/index.php?rest_route=\/wp\/v2\/pages\/1367","targetHints":{"allow":["GET"]}}],"collection":[{"href":"https:\/\/laweta-grojec.pl\/index.php?rest_route=\/wp\/v2\/pages"}],"about":[{"href":"https:\/\/laweta-grojec.pl\/index.php?rest_route=\/wp\/v2\/types\/page"}],"author":[{"embeddable":true,"href":"https:\/\/laweta-grojec.pl\/index.php?rest_route=\/wp\/v2\/users\/2"}],"replies":[{"embeddable":true,"href":"https:\/\/laweta-grojec.pl\/index.php?rest_route=%2Fwp%2Fv2%2Fcomments&post=1367"}],"version-history":[{"count":2,"href":"https:\/\/laweta-grojec.pl\/index.php?rest_route=\/wp\/v2\/pages\/1367\/revisions"}],"predecessor-version":[{"id":1468,"href":"https:\/\/laweta-grojec.pl\/index.php?rest_route=\/wp\/v2\/pages\/1367\/revisions\/1468"}],"wp:attachment":[{"href":"https:\/\/laweta-grojec.pl\/index.php?rest_route=%2Fwp%2Fv2%2Fmedia&parent=1367"}],"curies":[{"name":"wp","href":"https:\/\/api.w.org\/{rel}","templated":true}]}}