{"id":2,"date":"2020-10-23T14:25:26","date_gmt":"2020-10-23T12:25:26","guid":{"rendered":"http:\/\/entro.pl\/wordpress_007\/?page_id=2"},"modified":"2020-10-24T10:39:14","modified_gmt":"2020-10-24T08:39:14","slug":"przykladowa-strona","status":"publish","type":"page","link":"https:\/\/laweta-grojec.pl\/?page_id=2","title":{"rendered":"Zasi\u0119g dzia\u0142ania"},"content":{"rendered":"\n<p>Us\u0142ugi serwisowe &#8211; holowania, przewozu aut, pomoc drogowa na wezwanie, s\u0105 prowadzone przez nasz\u0105 firm\u0119 Auto Hol na tzw. &#8222;pe\u0142ny zegar&#8221;. Nasza firma jest otwarta i przyjmuje telefoniczne zg\u0142oszenia przez dwadzie\u015bcia cztery godziny na dob\u0119 przez wszystkie dni tygodnia.<\/p>\n\n\n\n<blockquote class=\"wp-block-quote is-layout-flow wp-block-quote-is-layout-flow\"><p>Stale s\u0105 dost\u0119pne trzy lawety pomocy drogowej z wy\u0142\u0105czeniem aktualnie znajduj\u0105cych si\u0119 w\u0142a\u015bnie w trasie w trakcie transportowania uszkodzonych aut do miejsc docelowych.<br>Dojazd na zg\u0142oszenie w okolicach Gr\u00f3jca ( woj.mazowieckie) w granicach do 30 minut.<\/p><\/blockquote>\n\n\n\n<p>transport d\u0142ugodystansowy lawet\u0105 :<\/p>\n\n\n\n<blockquote class=\"wp-block-quote is-layout-flow wp-block-quote-is-layout-flow\"><p>Nasze wozy pomocy drogowej wyposa\u017cone w platform\u0119 lawety oraz przyczepy do przewozu pojazd\u00f3w je\u017cd\u017c\u0105 tak\u017ce na d\u0142ugich trasach np:<\/p><p>Gr\u00f3jec &#8211; Gda\u0144sk<br>Gr\u00f3jec &#8211; Krak\u00f3w<br>Gr\u00f3jec &#8211; Berlin<br>Gr\u00f3jec &#8211; Wroc\u0142aw<\/p><\/blockquote>\n\n\n\n<figure class=\"wp-block-image size-large is-style-rounded\"><img loading=\"lazy\" decoding=\"async\" width=\"1024\" height=\"353\" src=\"https:\/\/laweta-grojec.pl\/wp-content\/uploads\/2020\/10\/kw_grojec_pomoc_drog91-1024x353.jpg\" alt=\"\" class=\"wp-image-1449\" srcset=\"https:\/\/laweta-grojec.pl\/wp-content\/uploads\/2020\/10\/kw_grojec_pomoc_drog91-1024x353.jpg 1024w, https:\/\/laweta-grojec.pl\/wp-content\/uploads\/2020\/10\/kw_grojec_pomoc_drog91-300x104.jpg 300w, https:\/\/laweta-grojec.pl\/wp-content\/uploads\/2020\/10\/kw_grojec_pomoc_drog91-768x265.jpg 768w, https:\/\/laweta-grojec.pl\/wp-content\/uploads\/2020\/10\/kw_grojec_pomoc_drog91.jpg 1200w\" sizes=\"auto, (max-width: 1024px) 100vw, 1024px\" \/><\/figure>\n","protected":false},"excerpt":{"rendered":"<p>Us\u0142ugi serwisowe &#8211; holowania, przewozu aut, pomoc drogowa na wezwanie, s\u0105 prowadzone przez nasz\u0105 firm\u0119 Auto Hol na tzw. &#8222;pe\u0142ny zegar&#8221;. Nasza firma jest otwarta i przyjmuje telefoniczne zg\u0142oszenia przez &#8230;<\/p>\n","protected":false},"author":1,"featured_media":0,"parent":0,"menu_order":0,"comment_status":"closed","ping_status":"closed","template":"template-fullwidth.php","meta":{"footnotes":""},"class_list":["post-2","page","type-page","status-publish","hentry"],"_links":{"self":[{"href":"https:\/\/laweta-grojec.pl\/index.php?rest_route=\/wp\/v2\/pages\/2","targetHints":{"allow":["GET"]}}],"collection":[{"href":"https:\/\/laweta-grojec.pl\/index.php?rest_route=\/wp\/v2\/pages"}],"about":[{"href":"https:\/\/laweta-grojec.pl\/index.php?rest_route=\/wp\/v2\/types\/page"}],"author":[{"embeddable":true,"href":"https:\/\/laweta-grojec.pl\/index.php?rest_route=\/wp\/v2\/users\/1"}],"replies":[{"embeddable":true,"href":"https:\/\/laweta-grojec.pl\/index.php?rest_route=%2Fwp%2Fv2%2Fcomments&post=2"}],"version-history":[{"count":4,"href":"https:\/\/laweta-grojec.pl\/index.php?rest_route=\/wp\/v2\/pages\/2\/revisions"}],"predecessor-version":[{"id":1480,"href":"https:\/\/laweta-grojec.pl\/index.php?rest_route=\/wp\/v2\/pages\/2\/revisions\/1480"}],"wp:attachment":[{"href":"https:\/\/laweta-grojec.pl\/index.php?rest_route=%2Fwp%2Fv2%2Fmedia&parent=2"}],"curies":[{"name":"wp","href":"https:\/\/api.w.org\/{rel}","templated":true}]}}