{"id":22,"date":"2016-02-12T08:11:05","date_gmt":"2016-02-12T07:11:05","guid":{"rendered":"http:\/\/demos.famethemes.com\/onepress\/?page_id=22"},"modified":"2020-10-26T09:04:23","modified_gmt":"2020-10-26T08:04:23","slug":"our-vision","status":"publish","type":"page","link":"https:\/\/laweta-grojec.pl\/?page_id=22","title":{"rendered":"Wynajem lawety"},"content":{"rendered":"<p>Opr\u00f3cz standardowych w bran\u017cy us\u0142ug, reperacji ko\u0142a na drodze, obs\u0142ugi transportu aut, unieruchomionych na drogach w okolicach Gr\u00f3jca, G\u00f3ry Kalwarii, Warki &#8211; prowadzimy wypo\u017cyczalni\u0119 lawet, wynajem lawety z kierowc\u0105.\u00a0<\/p>\n<p>Laweta jest wynajmowana nawet na kilka dni, np. do obs\u0142ugi zakupu auta za granic\u0105, do przetransportowania pojazdu, kt\u00f3ry mia\u0142 awari\u0119 wiele tysi\u0119cy km. od swojego gara\u017cu.<\/p>\n<p>Wynajem lawet dla:<\/p>\n<ul>\n<li>autokomis\u00f3w &#8211; przew\u00f3z samochod\u00f3w<\/li>\n<li>rolnik\u00f3w &#8211; transport maszyn rolniczych<\/li>\n<li>budowla\u0144c\u00f3w &#8211; przew\u00f3z maszyn budowlanych<\/li>\n<li>firm reklamowych &#8211; przew\u00f3z konstrukcji reklam<\/li>\n<li>firm monta\u017cowych &#8211; przew\u00f3z gotowych ram okiennych<\/li>\n<\/ul>\n\n\n<p><strong>wynajem lawet Gr\u00f3jec<\/strong><\/p>\n","protected":false},"excerpt":{"rendered":"<p>Nullam ut tempor eros. Donec faucibus, velit et imperdiet aliquam, lacus velit luctus urna, vitae porttitor orci libero id felis.<\/p>\n","protected":false},"author":2,"featured_media":1443,"parent":0,"menu_order":2,"comment_status":"open","ping_status":"closed","template":"template-fullwidth.php","meta":{"footnotes":""},"class_list":["post-22","page","type-page","status-publish","has-post-thumbnail","hentry"],"_links":{"self":[{"href":"https:\/\/laweta-grojec.pl\/index.php?rest_route=\/wp\/v2\/pages\/22","targetHints":{"allow":["GET"]}}],"collection":[{"href":"https:\/\/laweta-grojec.pl\/index.php?rest_route=\/wp\/v2\/pages"}],"about":[{"href":"https:\/\/laweta-grojec.pl\/index.php?rest_route=\/wp\/v2\/types\/page"}],"author":[{"embeddable":true,"href":"https:\/\/laweta-grojec.pl\/index.php?rest_route=\/wp\/v2\/users\/2"}],"replies":[{"embeddable":true,"href":"https:\/\/laweta-grojec.pl\/index.php?rest_route=%2Fwp%2Fv2%2Fcomments&post=22"}],"version-history":[{"count":2,"href":"https:\/\/laweta-grojec.pl\/index.php?rest_route=\/wp\/v2\/pages\/22\/revisions"}],"predecessor-version":[{"id":1489,"href":"https:\/\/laweta-grojec.pl\/index.php?rest_route=\/wp\/v2\/pages\/22\/revisions\/1489"}],"wp:featuredmedia":[{"embeddable":true,"href":"https:\/\/laweta-grojec.pl\/index.php?rest_route=\/wp\/v2\/media\/1443"}],"wp:attachment":[{"href":"https:\/\/laweta-grojec.pl\/index.php?rest_route=%2Fwp%2Fv2%2Fmedia&parent=22"}],"curies":[{"name":"wp","href":"https:\/\/api.w.org\/{rel}","templated":true}]}}